{"id":1261,"date":"2021-01-20T05:52:46","date_gmt":"2021-01-20T05:52:46","guid":{"rendered":"http:\/\/madebycat.com\/dev\/mustafaalpagut\/?page_id=1261"},"modified":"2021-03-02T02:06:04","modified_gmt":"2021-03-02T02:06:04","slug":"ma-2","status":"publish","type":"page","link":"https:\/\/www.mustafaalpagut.com\/en\/contact\/","title":{"rendered":"CONTACT"},"content":{"rendered":"\t\t<div data-elementor-type=\"wp-page\" data-elementor-id=\"1261\" class=\"elementor elementor-1261\" data-elementor-settings=\"[]\">\n\t\t\t\t\t\t<div class=\"elementor-inner\">\n\t\t\t\t\t\t\t<div class=\"elementor-section-wrap\">\n\t\t\t\t\t\t\t<section class=\"elementor-section elementor-top-section elementor-element elementor-element-d55cc93 elementor-section-full_width elementor-section-height-default elementor-section-height-default\" data-id=\"d55cc93\" data-element_type=\"section\">\n\t\t\t\t\t\t<div class=\"elementor-container elementor-column-gap-no\">\n\t\t\t\t\t\t\t<div class=\"elementor-row\">\n\t\t\t\t\t<div class=\"elementor-column elementor-col-100 elementor-top-column elementor-element elementor-element-abe5b30\" data-id=\"abe5b30\" data-element_type=\"column\">\n\t\t\t<div class=\"elementor-column-wrap elementor-element-populated\">\n\t\t\t\t\t\t\t<div class=\"elementor-widget-wrap\">\n\t\t\t\t\t\t<div class=\"elementor-element elementor-element-fa1c326 ma-font-md elementor-widget elementor-widget-text-editor\" data-id=\"fa1c326\" data-element_type=\"widget\" data-widget_type=\"text-editor.default\">\n\t\t\t\t<div class=\"elementor-widget-container\">\n\t\t\t\t\t<div class=\"elementor-text-editor elementor-clearfix\"><p><strong>Telephone:<\/strong> +90 506 470 76 98<\/p><p><strong>E-Mail:<\/strong> rifat@elkon.biz<\/p><p>You can contact with me using communication form or via my assistant R\u0131fat T\u0130R\u0130\u00c7<\/p><\/div>\n\t\t\t\t<\/div>\n\t\t\t\t<\/div>\n\t\t\t\t<div class=\"elementor-element elementor-element-91125bd elementor-widget elementor-widget-kentha-elementor-qt-cf7\" data-id=\"91125bd\" data-element_type=\"widget\" data-widget_type=\"kentha-elementor-qt-cf7.default\">\n\t\t\t\t<div class=\"elementor-widget-container\">\n\t\t\t<div role=\"form\" class=\"wpcf7\" id=\"wpcf7-f5-o1\" lang=\"tr-TR\" dir=\"ltr\">\n<div class=\"screen-reader-response\"><p role=\"status\" aria-live=\"polite\" aria-atomic=\"true\"><\/p> <ul><\/ul><\/div>\n<form action=\"\/en\/wp-json\/wp\/v2\/pages\/1261#wpcf7-f5-o1\" method=\"post\" class=\"wpcf7-form init\" novalidate=\"novalidate\" data-status=\"init\">\n<div style=\"display: none;\">\n<input type=\"hidden\" name=\"_wpcf7\" value=\"5\" \/>\n<input type=\"hidden\" name=\"_wpcf7_version\" value=\"5.6.4\" \/>\n<input type=\"hidden\" name=\"_wpcf7_locale\" value=\"tr_TR\" \/>\n<input type=\"hidden\" name=\"_wpcf7_unit_tag\" value=\"wpcf7-f5-o1\" \/>\n<input type=\"hidden\" name=\"_wpcf7_container_post\" value=\"0\" \/>\n<input type=\"hidden\" name=\"_wpcf7_posted_data_hash\" value=\"\" \/>\n<input type=\"hidden\" name=\"_wpcf7_recaptcha_response\" value=\"\" \/>\n<\/div>\n<p><label> Your name<br \/>\n    <input type=\"text\" name=\"your-name\" value=\"\" size=\"40\" class=\"wpcf7-form-control wpcf7-text wpcf7-validates-as-required\" aria-required=\"true\" aria-invalid=\"false\" \/> <\/label><\/p>\n<p><label> Your email<br \/>\n    <input type=\"email\" name=\"your-email\" value=\"\" size=\"40\" class=\"wpcf7-form-control wpcf7-text wpcf7-email wpcf7-validates-as-required wpcf7-validates-as-email\" aria-required=\"true\" aria-invalid=\"false\" \/> <\/label><\/p>\n<p><label> Subject<br \/>\n    <input type=\"text\" name=\"your-subject\" value=\"\" size=\"40\" class=\"wpcf7-form-control wpcf7-text wpcf7-validates-as-required\" aria-required=\"true\" aria-invalid=\"false\" \/> <\/label><\/p>\n<p><label> Your message (optional)<br \/>\n    <textarea name=\"your-message\" cols=\"40\" rows=\"10\" class=\"wpcf7-form-control wpcf7-textarea\" aria-invalid=\"false\"><\/textarea> <\/label><\/p>\n<p><input type=\"submit\" value=\"Submit\" class=\"wpcf7-form-control has-spinner wpcf7-submit\" \/><\/p>\n<div class=\"wpcf7-response-output\" aria-hidden=\"true\"><\/div><\/form><\/div>\t\t<\/div>\n\t\t\t\t<\/div>\n\t\t\t\t\t\t<\/div>\n\t\t\t\t\t<\/div>\n\t\t<\/div>\n\t\t\t\t\t\t\t\t<\/div>\n\t\t\t\t\t<\/div>\n\t\t<\/section>\n\t\t\t\t\t\t<\/div>\n\t\t\t\t\t\t<\/div>\n\t\t\t\t\t<\/div>\n\t\t","protected":false},"excerpt":{"rendered":"<p>Telephone: +90 506 470 76 98 E-Mail: rifat@elkon.biz You can contact with me using communication form or via my assistant R\u0131fat T\u0130R\u0130\u00c7 Your name Your email Subject Your message (optional)<\/p>\n","protected":false},"author":1,"featured_media":0,"parent":0,"menu_order":0,"comment_status":"closed","ping_status":"closed","template":"page.contact.php","meta":[],"yoast_head":"<!-- This site is optimized with the Yoast SEO plugin v16.4 - https:\/\/yoast.com\/wordpress\/plugins\/seo\/ -->\n<title>CONTACT - Mustafa Alpagut<\/title>\n<meta name=\"robots\" content=\"index, follow, max-snippet:-1, max-image-preview:large, max-video-preview:-1\" \/>\n<link rel=\"canonical\" href=\"https:\/\/www.mustafaalpagut.com\/en\/contact\/\" \/>\n<meta property=\"og:locale\" content=\"en_US\" \/>\n<meta property=\"og:type\" content=\"article\" \/>\n<meta property=\"og:title\" content=\"CONTACT - Mustafa Alpagut\" \/>\n<meta property=\"og:description\" content=\"Telephone: +90 506 470 76 98 E-Mail: rifat@elkon.biz You can contact with me using communication form or via my assistant R\u0131fat T\u0130R\u0130\u00c7 Your name Your email Subject Your message (optional)\" \/>\n<meta property=\"og:url\" content=\"https:\/\/www.mustafaalpagut.com\/en\/contact\/\" \/>\n<meta property=\"og:site_name\" content=\"Mustafa Alpagut\" \/>\n<meta property=\"article:publisher\" content=\"https:\/\/www.facebook.com\/profile.php?id=100009906063434\" \/>\n<meta property=\"article:modified_time\" content=\"2021-03-02T02:06:04+00:00\" \/>\n<meta name=\"twitter:card\" content=\"summary_large_image\" \/>\n<meta name=\"twitter:site\" content=\"@alpagutsarkilar\" \/>\n<script type=\"application\/ld+json\" class=\"yoast-schema-graph\">{\"@context\":\"https:\/\/schema.org\",\"@graph\":[{\"@type\":\"WebSite\",\"@id\":\"https:\/\/www.mustafaalpagut.com\/#website\",\"url\":\"https:\/\/www.mustafaalpagut.com\/\",\"name\":\"Mustafa Alpagut\",\"description\":\"DEV PLATFORM\",\"potentialAction\":[{\"@type\":\"SearchAction\",\"target\":\"https:\/\/www.mustafaalpagut.com\/?s={search_term_string}\",\"query-input\":\"required name=search_term_string\"}],\"inLanguage\":\"en-US\"},{\"@type\":\"WebPage\",\"@id\":\"https:\/\/www.mustafaalpagut.com\/en\/contact\/#webpage\",\"url\":\"https:\/\/www.mustafaalpagut.com\/en\/contact\/\",\"name\":\"CONTACT - Mustafa Alpagut\",\"isPartOf\":{\"@id\":\"https:\/\/www.mustafaalpagut.com\/#website\"},\"datePublished\":\"2021-01-20T05:52:46+00:00\",\"dateModified\":\"2021-03-02T02:06:04+00:00\",\"breadcrumb\":{\"@id\":\"https:\/\/www.mustafaalpagut.com\/en\/contact\/#breadcrumb\"},\"inLanguage\":\"en-US\",\"potentialAction\":[{\"@type\":\"ReadAction\",\"target\":[\"https:\/\/www.mustafaalpagut.com\/en\/contact\/\"]}]},{\"@type\":\"BreadcrumbList\",\"@id\":\"https:\/\/www.mustafaalpagut.com\/en\/contact\/#breadcrumb\",\"itemListElement\":[{\"@type\":\"ListItem\",\"position\":1,\"item\":{\"@type\":\"WebPage\",\"@id\":\"https:\/\/www.mustafaalpagut.com\/en\/\",\"url\":\"https:\/\/www.mustafaalpagut.com\/en\/\",\"name\":\"Anasayfa\"}},{\"@type\":\"ListItem\",\"position\":2,\"item\":{\"@id\":\"https:\/\/www.mustafaalpagut.com\/en\/contact\/#webpage\"}}]}]}<\/script>\n<!-- \/ Yoast SEO plugin. -->","_links":{"self":[{"href":"https:\/\/www.mustafaalpagut.com\/en\/wp-json\/wp\/v2\/pages\/1261"}],"collection":[{"href":"https:\/\/www.mustafaalpagut.com\/en\/wp-json\/wp\/v2\/pages"}],"about":[{"href":"https:\/\/www.mustafaalpagut.com\/en\/wp-json\/wp\/v2\/types\/page"}],"author":[{"embeddable":true,"href":"https:\/\/www.mustafaalpagut.com\/en\/wp-json\/wp\/v2\/users\/1"}],"replies":[{"embeddable":true,"href":"https:\/\/www.mustafaalpagut.com\/en\/wp-json\/wp\/v2\/comments?post=1261"}],"version-history":[{"count":21,"href":"https:\/\/www.mustafaalpagut.com\/en\/wp-json\/wp\/v2\/pages\/1261\/revisions"}],"predecessor-version":[{"id":3505,"href":"https:\/\/www.mustafaalpagut.com\/en\/wp-json\/wp\/v2\/pages\/1261\/revisions\/3505"}],"wp:attachment":[{"href":"https:\/\/www.mustafaalpagut.com\/en\/wp-json\/wp\/v2\/media?parent=1261"}],"curies":[{"name":"wp","href":"https:\/\/api.w.org\/{rel}","templated":true}]}}